{"id":75,"date":"2018-03-25T10:06:19","date_gmt":"2018-03-25T10:06:19","guid":{"rendered":"http:\/\/webzen.dk\/wordpress\/?page_id=75"},"modified":"2021-06-19T19:36:55","modified_gmt":"2021-06-19T18:36:55","slug":"forside","status":"publish","type":"page","link":"https:\/\/webzen.dk\/wordpress\/","title":{"rendered":"Forside"},"content":{"rendered":"\n<figure class=\"wp-block-image is-resized is-style-default\"><img loading=\"lazy\" decoding=\"async\" src=\"http:\/\/webzen.dk\/wordpress\/wp-content\/uploads\/2018\/03\/DSC09331-460x180.jpg\" alt=\"\" width=\"681\" height=\"267\"\/><\/figure>\n\n\n\n<h3 class=\"wp-block-heading\"><div class=\"dropcaps\"><p> <strong><em>Webzen.dk<\/em> er en side som kun har det form\u00e5l at vise lidt billeder fra den verden vi lever i. <\/strong><br><strong>Du vil kunne finde billeder fra Kina og s\u00e5m\u00e6nd ogs\u00e5 billeder fra min egen baghave, de har alle sammen det tilf\u00e6lles at jeg har ment at de var v\u00e6rd at formidle videre.<\/strong><\/p><\/div><\/h3>\n\n\n\n<hr class=\"wp-block-separator\"\/>\n\n\n\n<h3 class=\"wp-block-heading\"><em>Billederne er taget igennem en \u00e5rr\u00e6kke og med det forh\u00e5ndenv\u00e6rende kamera, lige fra mobiltelefoner over kompaktkameraer af varierende kvalitet, til rimeligt godt semi-professionelt udstyr<\/em>.<\/h3>\n\n\n\n<hr class=\"wp-block-separator\"\/>\n\n\n\n<p class=\"wp-block-paragraph\"><div class=\"four mobile-four columns\"  style=\"padding-left: 0px;\"><p><\/p>\n\n\n\n<figure class=\"wp-block-image alignnone\"><a href=\"http:\/\/webzen.dk\/wordpress\/world\/oceanien\/\"><img loading=\"lazy\" decoding=\"async\" width=\"150\" height=\"150\" src=\"http:\/\/webzen.dk\/wordpress\/wp-content\/uploads\/2018\/03\/DSC08398-150x150.jpg\" alt=\"\" class=\"wp-image-401\"\/><\/a><figcaption>Nuku Hiva, Marquesas Islands, Fransk Polynesien<\/figcaption><\/figure>\n\n\n\n<p class=\"wp-block-paragraph\"><\/p><\/div><div class=\"four mobile-four columns\"  style=\"padding-left: 0px;\"><p><\/p>\n\n\n\n<figure class=\"wp-block-image alignnone\"><a href=\"http:\/\/webzen.dk\/wordpress\/world\/asien\/\"><img loading=\"lazy\" decoding=\"async\" width=\"150\" height=\"150\" src=\"http:\/\/webzen.dk\/wordpress\/wp-content\/uploads\/2018\/03\/DSC09947-150x150.jpg\" alt=\"\" class=\"wp-image-473\"\/><\/a><figcaption>Singapore<\/figcaption><\/figure>\n\n\n\n<p class=\"wp-block-paragraph\"><\/p><\/div><div class=\"four mobile-four columns\"  style=\"padding-left: 0px;\"><p><\/p>\n\n\n\n<figure class=\"wp-block-image alignnone\"><a href=\"http:\/\/webzen.dk\/wordpress\/world\/europa\/\"><img loading=\"lazy\" decoding=\"async\" width=\"150\" height=\"150\" src=\"http:\/\/webzen.dk\/wordpress\/wp-content\/uploads\/2018\/03\/DSC06660-Edit-150x150.jpg\" alt=\"\" class=\"wp-image-202\"\/><\/a><figcaption>Frankfurt lufthavn<\/figcaption><\/figure>\n\n\n\n<p class=\"wp-block-paragraph\"><\/p><\/div><\/p>\n\n\n\n<hr class=\"wp-block-separator\"\/>\n\n\n  <div id=\"featured\">\n\t  \t  <img decoding=\"async\"  src=\"https:\/\/webzen.dk\/wordpress\/wp-content\/uploads\/2018\/03\/DSC02387-680x450.jpg\"  title=\"\" alt=\"\"\/>\n\t  \t  <img decoding=\"async\"  src=\"https:\/\/webzen.dk\/wordpress\/wp-content\/uploads\/2018\/03\/DSC02343-680x450.jpg\"  title=\"\" alt=\"\"\/>\n\t  \t  <img decoding=\"async\"  src=\"https:\/\/webzen.dk\/wordpress\/wp-content\/uploads\/2018\/03\/DSC02245-680x450.jpg\"  title=\"\" alt=\"\"\/>\n\t  \t  <img decoding=\"async\"  src=\"https:\/\/webzen.dk\/wordpress\/wp-content\/uploads\/2018\/03\/DSC00572-Edit-680x450.jpg\"  title=\"\" alt=\"\"\/>\n\t  \t  <img decoding=\"async\"  src=\"https:\/\/webzen.dk\/wordpress\/wp-content\/uploads\/2018\/03\/DSC00042-Edit-e1600890126847-680x450.jpg\"  title=\"\" alt=\"\"\/>\n\t  \t  <img decoding=\"async\"  src=\"https:\/\/webzen.dk\/wordpress\/wp-content\/uploads\/2018\/03\/DSC09261-e1600884133127-680x450.jpg\"  title=\"\" alt=\"\"\/>\n\t  \t  <img decoding=\"async\"  src=\"https:\/\/webzen.dk\/wordpress\/wp-content\/uploads\/2018\/03\/DSC02154-e1600884156423-680x450.jpg\"  title=\"\" alt=\"\"\/>\n\t  \t  <img decoding=\"async\"  src=\"https:\/\/webzen.dk\/wordpress\/wp-content\/uploads\/2018\/03\/DSC01722-e1600884184345-680x450.jpg\"  title=\"\" alt=\"\"\/>\n\t  \t  <img decoding=\"async\"  src=\"https:\/\/webzen.dk\/wordpress\/wp-content\/uploads\/2018\/03\/DSC01715-e1600884206460-680x450.jpg\"  title=\"\" alt=\"\"\/>\n\t  \t  <img decoding=\"async\"  src=\"https:\/\/webzen.dk\/wordpress\/wp-content\/uploads\/2018\/03\/aebler-e1600884238894-680x450.jpg\"  title=\"\" alt=\"\"\/>\n\t  \t  <img decoding=\"async\"  src=\"https:\/\/webzen.dk\/wordpress\/wp-content\/uploads\/2018\/03\/klosterheden_laerkekogle-e1600884271272-680x450.jpg\"  title=\"\" alt=\"\"\/>\n\t  \t  <img decoding=\"async\"  src=\"https:\/\/webzen.dk\/wordpress\/wp-content\/uploads\/2018\/03\/klosterheden_vinter5-e1600884296851-680x450.jpg\"  title=\"\" alt=\"\"\/>\n\t  \t  <img decoding=\"async\"  src=\"https:\/\/webzen.dk\/wordpress\/wp-content\/uploads\/2018\/03\/klosterheden_vinter3-e1600884327927-680x450.jpg\"  title=\"\" alt=\"\"\/>\n\t  \t  <img decoding=\"async\"  src=\"https:\/\/webzen.dk\/wordpress\/wp-content\/uploads\/2018\/03\/DSC06017-e1600884356380-680x450.jpg\"  title=\"\" alt=\"\"\/>\n\t  \t  <img decoding=\"async\"  src=\"https:\/\/webzen.dk\/wordpress\/wp-content\/uploads\/2018\/03\/DSC06003-e1600884383299-680x450.jpg\"  title=\"\" alt=\"\"\/>\n\t  \t  <img decoding=\"async\"  src=\"https:\/\/webzen.dk\/wordpress\/wp-content\/uploads\/2018\/03\/DSC05448-Edit-e1600884407746-680x450.jpg\"  title=\"\" alt=\"\"\/>\n\t  \t  <img decoding=\"async\"  src=\"https:\/\/webzen.dk\/wordpress\/wp-content\/uploads\/2018\/03\/DSC05391-Edit-e1600884429252-680x450.jpg\"  title=\"\" alt=\"\"\/>\n\t  \t  <img decoding=\"async\"  src=\"https:\/\/webzen.dk\/wordpress\/wp-content\/uploads\/2018\/03\/DSC09330-e1600885170342-680x450.jpg\"  title=\"\" alt=\"\"\/>\n\t  \t  <img decoding=\"async\"  src=\"https:\/\/webzen.dk\/wordpress\/wp-content\/uploads\/2018\/03\/DSC09008-e1600885141812-680x450.jpg\"  title=\"\" alt=\"\"\/>\n\t  \t  <img decoding=\"async\"  src=\"https:\/\/webzen.dk\/wordpress\/wp-content\/uploads\/2018\/03\/13052012-DSC03853-e1600885117677-680x450.jpg\"  title=\"\" alt=\"\"\/>\n\t  \t  <img decoding=\"async\"  src=\"https:\/\/webzen.dk\/wordpress\/wp-content\/uploads\/2018\/03\/16032012-DSC01799-e1600885088354-680x450.jpg\"  title=\"\" alt=\"\"\/>\n\t  \t  <img decoding=\"async\"  src=\"https:\/\/webzen.dk\/wordpress\/wp-content\/uploads\/2018\/03\/DSC00499-e1600885063331-680x450.jpg\"  title=\"\" alt=\"\"\/>\n\t  \t  <img decoding=\"async\"  src=\"https:\/\/webzen.dk\/wordpress\/wp-content\/uploads\/2018\/03\/DSC00032-e1600885041803-680x450.jpg\"  title=\"\" alt=\"\"\/>\n\t  \t  <img decoding=\"async\"  src=\"https:\/\/webzen.dk\/wordpress\/wp-content\/uploads\/2018\/03\/DSC09571-e1600885018511-680x450.jpg\"  title=\"\" alt=\"\"\/>\n\t  \t  <img decoding=\"async\"  src=\"https:\/\/webzen.dk\/wordpress\/wp-content\/uploads\/2018\/03\/DSC07378-e1600884992133-680x450.jpg\"  title=\"\" alt=\"\"\/>\n\t  \t  <img decoding=\"async\"  src=\"https:\/\/webzen.dk\/wordpress\/wp-content\/uploads\/2018\/03\/DSC06994-e1600884966187-680x450.jpg\"  title=\"\" alt=\"\"\/>\n\t  \t  <img decoding=\"async\"  src=\"https:\/\/webzen.dk\/wordpress\/wp-content\/uploads\/2018\/03\/DSC06537-Edit-680x450.jpg\"  title=\"\" alt=\"\"\/>\n\t  \t  <img decoding=\"async\"  src=\"https:\/\/webzen.dk\/wordpress\/wp-content\/uploads\/2018\/03\/DSC02719-e1600884933157-680x450.jpg\"  title=\"\" alt=\"\"\/>\n\t  \t  <img decoding=\"async\"  src=\"https:\/\/webzen.dk\/wordpress\/wp-content\/uploads\/2018\/03\/DSC05246-e1600884902834-680x450.jpg\"  title=\"\" alt=\"\"\/>\n\t  \t  <img decoding=\"async\"  src=\"https:\/\/webzen.dk\/wordpress\/wp-content\/uploads\/2018\/03\/DSC09034-2-e1600884878206-680x450.jpg\"  title=\"\" alt=\"\"\/>\n\t  \t  <img decoding=\"async\"  src=\"https:\/\/webzen.dk\/wordpress\/wp-content\/uploads\/2018\/03\/DSC08809-e1600884855633-680x450.jpg\"  title=\"\" alt=\"\"\/>\n\t  \t  <img decoding=\"async\"  src=\"https:\/\/webzen.dk\/wordpress\/wp-content\/uploads\/2018\/03\/DSC08737-e1600884828648-680x450.jpg\"  title=\"\" alt=\"\"\/>\n\t  \t  <img decoding=\"async\"  src=\"https:\/\/webzen.dk\/wordpress\/wp-content\/uploads\/2018\/03\/DSC07899-e1600884801133-680x450.jpg\"  title=\"\" alt=\"\"\/>\n\t  \t  <img decoding=\"async\"  src=\"https:\/\/webzen.dk\/wordpress\/wp-content\/uploads\/2018\/03\/DSC07880-e1600884780619-680x450.jpg\"  title=\"\" alt=\"\"\/>\n\t  \t  <img decoding=\"async\"  src=\"https:\/\/webzen.dk\/wordpress\/wp-content\/uploads\/2018\/03\/DSC07846-e1600884758467-680x450.jpg\"  title=\"\" alt=\"\"\/>\n\t  \t  <img decoding=\"async\"  src=\"https:\/\/webzen.dk\/wordpress\/wp-content\/uploads\/2018\/03\/DSC07754-e1600884735900-680x450.jpg\"  title=\"\" alt=\"\"\/>\n\t  \t  <img decoding=\"async\"  src=\"https:\/\/webzen.dk\/wordpress\/wp-content\/uploads\/2018\/03\/DSC02002-e1600884708102-680x450.jpg\"  title=\"\" alt=\"\"\/>\n\t  \t  <img decoding=\"async\"  src=\"https:\/\/webzen.dk\/wordpress\/wp-content\/uploads\/2018\/03\/DSC02357-e1600884685107-680x450.jpg\"  title=\"\" alt=\"\"\/>\n\t  \t  <img decoding=\"async\"  src=\"https:\/\/webzen.dk\/wordpress\/wp-content\/uploads\/2018\/03\/13052012-DSC03845-e1600884659715-680x450.jpg\"  title=\"\" alt=\"\"\/>\n\t  \t  <img decoding=\"async\"  src=\"https:\/\/webzen.dk\/wordpress\/wp-content\/uploads\/2018\/03\/DSC00488-e1600884635829-680x450.jpg\"  title=\"\" alt=\"\"\/>\n\t  \t  <img decoding=\"async\"  src=\"https:\/\/webzen.dk\/wordpress\/wp-content\/uploads\/2018\/03\/16032012-DSC01779-e1600884609486-680x450.jpg\"  title=\"\" alt=\"\"\/>\n\t  \t  <img decoding=\"async\"  src=\"https:\/\/webzen.dk\/wordpress\/wp-content\/uploads\/2018\/03\/DSC09600-e1600884584467-680x450.jpg\"  title=\"\" alt=\"\"\/>\n\t  \t  <img decoding=\"async\"  src=\"https:\/\/webzen.dk\/wordpress\/wp-content\/uploads\/2018\/03\/DSC09569-Edit-e1600884560170-680x450.jpg\"  title=\"\" alt=\"\"\/>\n\t  \t  <img decoding=\"async\"  src=\"https:\/\/webzen.dk\/wordpress\/wp-content\/uploads\/2018\/03\/DSC09461-e1600884533715-680x450.jpg\"  title=\"\" alt=\"\"\/>\n\t  \t  <img decoding=\"async\"  src=\"https:\/\/webzen.dk\/wordpress\/wp-content\/uploads\/2018\/03\/DSC07393-e1600884507844-680x450.jpg\"  title=\"\" alt=\"\"\/>\n\t  \t  <img decoding=\"async\"  src=\"https:\/\/webzen.dk\/wordpress\/wp-content\/uploads\/2018\/03\/DSC05970-Edit-1-e1600884485672-680x450.jpg\"  title=\"\" alt=\"\"\/>\n\t  \t  <img decoding=\"async\"  src=\"https:\/\/webzen.dk\/wordpress\/wp-content\/uploads\/2018\/03\/DSC05844-e1600884457455-680x450.jpg\"  title=\"\" alt=\"\"\/>\n\t  \t<\/div>\n<!--Ends Orbit Slider Start-->\n\n\n\n\n\n<p class=\"wp-block-paragraph\"><strong>Kategorien &#8220;Natur&#8221;&nbsp; indeholder b\u00e5de dyre og naturbilleder. Vil du se mere, s\u00e5 tryk p\u00e5 knappen<\/strong><\/p>\n\n\n\n<p class=\"has-text-align-center wp-block-paragraph\"><strong><a class=\"butn green\" href=\"http:\/\/webzen.dk\/wordpress\/natur\/\" target=\"\">Natur<\/a><\/strong><\/p>\n\n\n\n<p class=\"has-text-align-center wp-block-paragraph\"><strong>Du er jo naturligvis velkommen til ogs\u00e5 at kigge i de andre albums her p\u00e5 siden<\/strong><\/p>\n","protected":false},"excerpt":{"rendered":"<p>Billederne er taget igennem en \u00e5rr\u00e6kke og med det forh\u00e5ndenv\u00e6rende kamera, lige fra mobiltelefoner over kompaktkameraer af varierende kvalitet, til rimeligt godt semi-professionelt udstyr. Kategorien &#8220;Natur&#8221;&nbsp; indeholder b\u00e5de dyre og [&hellip;]<\/p>\n","protected":false},"author":1,"featured_media":442,"parent":0,"menu_order":0,"comment_status":"closed","ping_status":"closed","template":"","meta":{"_crdt_document":"","footnotes":""},"class_list":["post-75","page","type-page","status-publish","has-post-thumbnail","hentry"],"yoast_head":"<!-- This site is optimized with the Yoast SEO plugin v27.3 - https:\/\/yoast.com\/product\/yoast-seo-wordpress\/ -->\n<title>webzen.dk - En billedsamling fra hele verden - forside.<\/title>\n<meta name=\"description\" content=\"Webzen.dk er en side som kun har det form\u00e5l at vise billeder fra den verden vi lever i. Billederne er opdelt i kategorier.\" \/>\n<meta name=\"robots\" content=\"index, follow, max-snippet:-1, max-image-preview:large, max-video-preview:-1\" \/>\n<link rel=\"canonical\" href=\"https:\/\/webzen.dk\/wordpress\/\" \/>\n<meta property=\"og:locale\" content=\"da_DK\" \/>\n<meta property=\"og:type\" content=\"article\" \/>\n<meta property=\"og:title\" content=\"webzen.dk - En billedsamling fra hele verden - forside.\" \/>\n<meta property=\"og:description\" content=\"Webzen.dk er en side som kun har det form\u00e5l at vise billeder fra den verden vi lever i. Billederne er opdelt i kategorier.\" \/>\n<meta property=\"og:url\" content=\"https:\/\/webzen.dk\/wordpress\/\" \/>\n<meta property=\"og:site_name\" content=\"Webzen.dk\" \/>\n<meta property=\"article:modified_time\" content=\"2021-06-19T18:36:55+00:00\" \/>\n<meta property=\"og:image\" content=\"https:\/\/webzen.dk\/wordpress\/wp-content\/uploads\/2018\/03\/DSC09331-e1600871925703.jpg\" \/>\n\t<meta property=\"og:image:width\" content=\"1024\" \/>\n\t<meta property=\"og:image:height\" content=\"684\" \/>\n\t<meta property=\"og:image:type\" content=\"image\/jpeg\" \/>\n<meta name=\"twitter:card\" content=\"summary_large_image\" \/>\n<meta name=\"twitter:label1\" content=\"Estimeret l\u00e6setid\" \/>\n\t<meta name=\"twitter:data1\" content=\"2 minutter\" \/>\n<script type=\"application\/ld+json\" class=\"yoast-schema-graph\">{\"@context\":\"https:\\\/\\\/schema.org\",\"@graph\":[{\"@type\":\"WebPage\",\"@id\":\"https:\\\/\\\/webzen.dk\\\/wordpress\\\/\",\"url\":\"https:\\\/\\\/webzen.dk\\\/wordpress\\\/\",\"name\":\"webzen.dk - En billedsamling fra hele verden - forside.\",\"isPartOf\":{\"@id\":\"https:\\\/\\\/webzen.dk\\\/wordpress\\\/#website\"},\"primaryImageOfPage\":{\"@id\":\"https:\\\/\\\/webzen.dk\\\/wordpress\\\/#primaryimage\"},\"image\":{\"@id\":\"https:\\\/\\\/webzen.dk\\\/wordpress\\\/#primaryimage\"},\"thumbnailUrl\":\"https:\\\/\\\/webzen.dk\\\/wordpress\\\/wp-content\\\/uploads\\\/2018\\\/03\\\/DSC09331-e1600871925703.jpg\",\"datePublished\":\"2018-03-25T10:06:19+00:00\",\"dateModified\":\"2021-06-19T18:36:55+00:00\",\"description\":\"Webzen.dk er en side som kun har det form\u00e5l at vise billeder fra den verden vi lever i. Billederne er opdelt i kategorier.\",\"breadcrumb\":{\"@id\":\"https:\\\/\\\/webzen.dk\\\/wordpress\\\/#breadcrumb\"},\"inLanguage\":\"da-DK\",\"potentialAction\":[{\"@type\":\"ReadAction\",\"target\":[\"https:\\\/\\\/webzen.dk\\\/wordpress\\\/\"]}]},{\"@type\":\"ImageObject\",\"inLanguage\":\"da-DK\",\"@id\":\"https:\\\/\\\/webzen.dk\\\/wordpress\\\/#primaryimage\",\"url\":\"https:\\\/\\\/webzen.dk\\\/wordpress\\\/wp-content\\\/uploads\\\/2018\\\/03\\\/DSC09331-e1600871925703.jpg\",\"contentUrl\":\"https:\\\/\\\/webzen.dk\\\/wordpress\\\/wp-content\\\/uploads\\\/2018\\\/03\\\/DSC09331-e1600871925703.jpg\",\"width\":1024,\"height\":684,\"caption\":\"Sydney Australien\"},{\"@type\":\"BreadcrumbList\",\"@id\":\"https:\\\/\\\/webzen.dk\\\/wordpress\\\/#breadcrumb\",\"itemListElement\":[{\"@type\":\"ListItem\",\"position\":1,\"name\":\"Hjem\",\"item\":\"https:\\\/\\\/webzen.dk\\\/wordpress\\\/\"},{\"@type\":\"ListItem\",\"position\":2,\"name\":\"Forside\"}]},{\"@type\":\"WebSite\",\"@id\":\"https:\\\/\\\/webzen.dk\\\/wordpress\\\/#website\",\"url\":\"https:\\\/\\\/webzen.dk\\\/wordpress\\\/\",\"name\":\"Webzen.dk\",\"description\":\"Glimt fra hele verden\",\"publisher\":{\"@id\":\"https:\\\/\\\/webzen.dk\\\/wordpress\\\/#\\\/schema\\\/person\\\/d4b6f74b941e921e9f77d1dd8bbd559e\"},\"potentialAction\":[{\"@type\":\"SearchAction\",\"target\":{\"@type\":\"EntryPoint\",\"urlTemplate\":\"https:\\\/\\\/webzen.dk\\\/wordpress\\\/?s={search_term_string}\"},\"query-input\":{\"@type\":\"PropertyValueSpecification\",\"valueRequired\":true,\"valueName\":\"search_term_string\"}}],\"inLanguage\":\"da-DK\"},{\"@type\":[\"Person\",\"Organization\"],\"@id\":\"https:\\\/\\\/webzen.dk\\\/wordpress\\\/#\\\/schema\\\/person\\\/d4b6f74b941e921e9f77d1dd8bbd559e\",\"name\":\"admin\",\"image\":{\"@type\":\"ImageObject\",\"inLanguage\":\"da-DK\",\"@id\":\"https:\\\/\\\/secure.gravatar.com\\\/avatar\\\/9e6f41eaaa3fb2d1793a086a0b0be3815ff874405aec1b75529cc554317374b5?s=96&d=mm&r=g\",\"url\":\"https:\\\/\\\/secure.gravatar.com\\\/avatar\\\/9e6f41eaaa3fb2d1793a086a0b0be3815ff874405aec1b75529cc554317374b5?s=96&d=mm&r=g\",\"contentUrl\":\"https:\\\/\\\/secure.gravatar.com\\\/avatar\\\/9e6f41eaaa3fb2d1793a086a0b0be3815ff874405aec1b75529cc554317374b5?s=96&d=mm&r=g\",\"caption\":\"admin\"},\"logo\":{\"@id\":\"https:\\\/\\\/secure.gravatar.com\\\/avatar\\\/9e6f41eaaa3fb2d1793a086a0b0be3815ff874405aec1b75529cc554317374b5?s=96&d=mm&r=g\"},\"sameAs\":[\"http:\\\/\\\/Webzen.dk\"]}]}<\/script>\n<!-- \/ Yoast SEO plugin. -->","yoast_head_json":{"title":"webzen.dk - En billedsamling fra hele verden - forside.","description":"Webzen.dk er en side som kun har det form\u00e5l at vise billeder fra den verden vi lever i. Billederne er opdelt i kategorier.","robots":{"index":"index","follow":"follow","max-snippet":"max-snippet:-1","max-image-preview":"max-image-preview:large","max-video-preview":"max-video-preview:-1"},"canonical":"https:\/\/webzen.dk\/wordpress\/","og_locale":"da_DK","og_type":"article","og_title":"webzen.dk - En billedsamling fra hele verden - forside.","og_description":"Webzen.dk er en side som kun har det form\u00e5l at vise billeder fra den verden vi lever i. Billederne er opdelt i kategorier.","og_url":"https:\/\/webzen.dk\/wordpress\/","og_site_name":"Webzen.dk","article_modified_time":"2021-06-19T18:36:55+00:00","og_image":[{"width":1024,"height":684,"url":"https:\/\/webzen.dk\/wordpress\/wp-content\/uploads\/2018\/03\/DSC09331-e1600871925703.jpg","type":"image\/jpeg"}],"twitter_card":"summary_large_image","twitter_misc":{"Estimeret l\u00e6setid":"2 minutter"},"schema":{"@context":"https:\/\/schema.org","@graph":[{"@type":"WebPage","@id":"https:\/\/webzen.dk\/wordpress\/","url":"https:\/\/webzen.dk\/wordpress\/","name":"webzen.dk - En billedsamling fra hele verden - forside.","isPartOf":{"@id":"https:\/\/webzen.dk\/wordpress\/#website"},"primaryImageOfPage":{"@id":"https:\/\/webzen.dk\/wordpress\/#primaryimage"},"image":{"@id":"https:\/\/webzen.dk\/wordpress\/#primaryimage"},"thumbnailUrl":"https:\/\/webzen.dk\/wordpress\/wp-content\/uploads\/2018\/03\/DSC09331-e1600871925703.jpg","datePublished":"2018-03-25T10:06:19+00:00","dateModified":"2021-06-19T18:36:55+00:00","description":"Webzen.dk er en side som kun har det form\u00e5l at vise billeder fra den verden vi lever i. Billederne er opdelt i kategorier.","breadcrumb":{"@id":"https:\/\/webzen.dk\/wordpress\/#breadcrumb"},"inLanguage":"da-DK","potentialAction":[{"@type":"ReadAction","target":["https:\/\/webzen.dk\/wordpress\/"]}]},{"@type":"ImageObject","inLanguage":"da-DK","@id":"https:\/\/webzen.dk\/wordpress\/#primaryimage","url":"https:\/\/webzen.dk\/wordpress\/wp-content\/uploads\/2018\/03\/DSC09331-e1600871925703.jpg","contentUrl":"https:\/\/webzen.dk\/wordpress\/wp-content\/uploads\/2018\/03\/DSC09331-e1600871925703.jpg","width":1024,"height":684,"caption":"Sydney Australien"},{"@type":"BreadcrumbList","@id":"https:\/\/webzen.dk\/wordpress\/#breadcrumb","itemListElement":[{"@type":"ListItem","position":1,"name":"Hjem","item":"https:\/\/webzen.dk\/wordpress\/"},{"@type":"ListItem","position":2,"name":"Forside"}]},{"@type":"WebSite","@id":"https:\/\/webzen.dk\/wordpress\/#website","url":"https:\/\/webzen.dk\/wordpress\/","name":"Webzen.dk","description":"Glimt fra hele verden","publisher":{"@id":"https:\/\/webzen.dk\/wordpress\/#\/schema\/person\/d4b6f74b941e921e9f77d1dd8bbd559e"},"potentialAction":[{"@type":"SearchAction","target":{"@type":"EntryPoint","urlTemplate":"https:\/\/webzen.dk\/wordpress\/?s={search_term_string}"},"query-input":{"@type":"PropertyValueSpecification","valueRequired":true,"valueName":"search_term_string"}}],"inLanguage":"da-DK"},{"@type":["Person","Organization"],"@id":"https:\/\/webzen.dk\/wordpress\/#\/schema\/person\/d4b6f74b941e921e9f77d1dd8bbd559e","name":"admin","image":{"@type":"ImageObject","inLanguage":"da-DK","@id":"https:\/\/secure.gravatar.com\/avatar\/9e6f41eaaa3fb2d1793a086a0b0be3815ff874405aec1b75529cc554317374b5?s=96&d=mm&r=g","url":"https:\/\/secure.gravatar.com\/avatar\/9e6f41eaaa3fb2d1793a086a0b0be3815ff874405aec1b75529cc554317374b5?s=96&d=mm&r=g","contentUrl":"https:\/\/secure.gravatar.com\/avatar\/9e6f41eaaa3fb2d1793a086a0b0be3815ff874405aec1b75529cc554317374b5?s=96&d=mm&r=g","caption":"admin"},"logo":{"@id":"https:\/\/secure.gravatar.com\/avatar\/9e6f41eaaa3fb2d1793a086a0b0be3815ff874405aec1b75529cc554317374b5?s=96&d=mm&r=g"},"sameAs":["http:\/\/Webzen.dk"]}]}},"_links":{"self":[{"href":"https:\/\/webzen.dk\/wordpress\/wp-json\/wp\/v2\/pages\/75","targetHints":{"allow":["GET"]}}],"collection":[{"href":"https:\/\/webzen.dk\/wordpress\/wp-json\/wp\/v2\/pages"}],"about":[{"href":"https:\/\/webzen.dk\/wordpress\/wp-json\/wp\/v2\/types\/page"}],"author":[{"embeddable":true,"href":"https:\/\/webzen.dk\/wordpress\/wp-json\/wp\/v2\/users\/1"}],"replies":[{"embeddable":true,"href":"https:\/\/webzen.dk\/wordpress\/wp-json\/wp\/v2\/comments?post=75"}],"version-history":[{"count":90,"href":"https:\/\/webzen.dk\/wordpress\/wp-json\/wp\/v2\/pages\/75\/revisions"}],"predecessor-version":[{"id":3340,"href":"https:\/\/webzen.dk\/wordpress\/wp-json\/wp\/v2\/pages\/75\/revisions\/3340"}],"wp:featuredmedia":[{"embeddable":true,"href":"https:\/\/webzen.dk\/wordpress\/wp-json\/wp\/v2\/media\/442"}],"wp:attachment":[{"href":"https:\/\/webzen.dk\/wordpress\/wp-json\/wp\/v2\/media?parent=75"}],"curies":[{"name":"wp","href":"https:\/\/api.w.org\/{rel}","templated":true}]}}